{"id":2,"date":"2014-03-19T09:51:11","date_gmt":"2014-03-19T09:51:11","guid":{"rendered":"http:\/\/c5p2sb3m.c5.suncomet.fi\/?page_id=2"},"modified":"2021-08-24T17:35:58","modified_gmt":"2021-08-24T14:35:58","slug":"hiusstudio-sonja","status":"publish","type":"page","link":"http:\/\/c5p2sb3m.c5.suncomet.fi\/?page_id=2","title":{"rendered":"HiusStudio Sonja"},"content":{"rendered":"<p>[one_fourth]<a href=\"#HiusStudioSonja\"><img loading=\"lazy\" class=\"alignleft wp-image-52\" src=\"http:\/\/c5p2sb3m.c5.suncomet.fi\/wp-content\/uploads\/2014\/03\/icon_saksey.png\" alt=\"HiusStudio Sonja\" width=\"70\" height=\"70\" srcset=\"http:\/\/c5p2sb3m.c5.suncomet.fi\/wp-content\/uploads\/2014\/03\/icon_saksey.png 150w, http:\/\/c5p2sb3m.c5.suncomet.fi\/wp-content\/uploads\/2014\/03\/icon_saksey-60x60.png 60w\" sizes=\"(max-width: 70px) 100vw, 70px\" \/><\/a><br \/>\nHIUSSTUDIO SONJA[\/one_fourth]<\/p>\n<p>[one_fourth]<a href=\"#Info\"><img loading=\"lazy\" class=\"alignleft wp-image-51\" src=\"http:\/\/c5p2sb3m.c5.suncomet.fi\/wp-content\/uploads\/2014\/03\/icon_info.png\" alt=\"Yhteystiedot\" width=\"70\" height=\"70\" srcset=\"http:\/\/c5p2sb3m.c5.suncomet.fi\/wp-content\/uploads\/2014\/03\/icon_info.png 150w, http:\/\/c5p2sb3m.c5.suncomet.fi\/wp-content\/uploads\/2014\/03\/icon_info-60x60.png 60w\" sizes=\"(max-width: 70px) 100vw, 70px\" \/><\/a><br \/>\nYHTEYSTIEDOT[\/one_fourth]<\/p>\n<p>[one_fourth]<a href=\"#Hinnasto\"><img loading=\"lazy\" class=\"alignleft wp-image-50\" src=\"http:\/\/c5p2sb3m.c5.suncomet.fi\/wp-content\/uploads\/2014\/03\/icon_hinta.png\" alt=\"Hinnasto\" width=\"70\" height=\"70\" srcset=\"http:\/\/c5p2sb3m.c5.suncomet.fi\/wp-content\/uploads\/2014\/03\/icon_hinta.png 150w, http:\/\/c5p2sb3m.c5.suncomet.fi\/wp-content\/uploads\/2014\/03\/icon_hinta-60x60.png 60w\" sizes=\"(max-width: 70px) 100vw, 70px\" \/><\/a><br \/>\nHINNASTO<br \/>\n[\/one_fourth]<\/p>\n<p>[one_fourth_last]<a href=\"#Ajanvaraus\"><img loading=\"lazy\" class=\"alignleft wp-image-50\" src=\"http:\/\/c5p2sb3m.c5.suncomet.fi\/wp-content\/uploads\/2014\/03\/icon_aika.png\" alt=\"Ajanvaraus\" width=\"70\" height=\"70\" \/><\/a><br \/>\nAJANVARAUS<br \/>\n[\/one_fourth_last]<\/p>\n<p><a name=\"HiusStudioSonja\"><\/a><\/p>\n<h2 style=\"text-align: center;\">[box style=&#8221;1&#8243;]HIUSSTUDIO SONJA[\/box]<\/h2>\n<p>[gap height=&#8221;30&#8243;]<\/p>\n<p>[one_half]<\/p>\n<p><img loading=\"lazy\" class=\"alignright wp-image-75 size-medium\" src=\"http:\/\/c5p2sb3m.c5.suncomet.fi\/wp-content\/uploads\/2014\/03\/TheDarkSurfer_450-300x225.jpg\" alt=\"TheDarkSurfer_450\" width=\"300\" height=\"225\" srcset=\"http:\/\/c5p2sb3m.c5.suncomet.fi\/wp-content\/uploads\/2014\/03\/TheDarkSurfer_450-300x225.jpg 300w, http:\/\/c5p2sb3m.c5.suncomet.fi\/wp-content\/uploads\/2014\/03\/TheDarkSurfer_450.jpg 500w\" sizes=\"(max-width: 300px) 100vw, 300px\" \/><br \/>\n[\/one_half]<\/p>\n<p>[one_half_last]<br \/>\nHiusStudio Sonja, parturi-kampaamo Lauttasaaressa. Uudistunut valoisa ja viihtyis\u00e4 liiketilani sijaitsee uutta Lauttis-kauppakeskusta vastap\u00e4\u00e4t\u00e4 osoitteessa Lauttasaarentie 27. Toimin aiemmin useita vuosia\u00a0my\u00f6s Lauttasaarentiell\u00e4, nimell\u00e4 Parturi-kampaamo Kauneustiimi. <\/p>\n<p><b>Toteutan yksil\u00f6lliset toiveesi ammattitaidolla ja\u00a0kampaamohetki on omistettu\u00a0vain sinulle.<\/b><\/p>\n<p>Tervetuloa viihtym\u00e4\u00e4n!<\/p>\n<p>T: Sonja<\/p>\n<p>[\/one_half_last]<\/p>\n<p><a name=\"Hinnasto\"><\/a><\/p>\n<h2 style=\"text-align: center;\">[box style=&#8221;1&#8243;]HINNASTO[\/box]<\/h2>\n<h4 style=\"text-align: center;\">\nHinnasto on suuntaa antava.<\/h4>\n<p>[gap height=&#8221;30&#8243;]<br \/>\n[one_half]<\/p>\n<p>Leikkaus alle 15 min. 18<br \/>\nLeikkaus 15-30 min. 33<br \/>\nLeikkaus 30-45 min. 43<br \/>\nLeikkaus 45-60 min. 53<br \/>\nLapset alle 7v. 28<br \/>\nHiusten hoitopesu 6<br \/>\nNiophlex-tehohoito 65<br \/>\nKampaus (rulla tai f\u00f6\u00f6ni) 38<br \/>\nJuhlakampaus 65<br \/>\nTuntiveloitus 65<br \/>\nH\u00e4\u00e4kampaus tuntiveloituksella<br \/>\nSaatavilla my\u00f6s teippipidennykset ja tuuhennukset<\/p>\n<p>[\/one_half]<\/p>\n<p>[one_half_last]<\/p>\n<p>V\u00e4ri \/ raidat 60 &#8211; 90<br \/>\nV\u00e4ri + leikkaus 95 &#8211; 150<br \/>\nLis\u00e4v\u00e4ri 20<br \/>\nNiophlex v\u00e4rj\u00e4yksen yhteydess\u00e4 25<br \/>\nPermanentti + leikkaus 110 &#8211; 140<br \/>\nRipsien ja kulmien v\u00e4rj\u00e4ys + muotoilu 35<br \/>\nRipsien ja kulmien v\u00e4rj\u00e4ys + muotoilu muun ty\u00f6n ohessa 25<br \/>\nRipsien v\u00e4rj\u00e4ys 20<br \/>\nKulmien v\u00e4rj\u00e4ys 15<br \/>\nKulmien muotoilu 10<br \/>\nKulmien v\u00e4rj\u00e4ys + muotoilu 20<\/p>\n<p>Hinnat sis. alv:n 24%<\/p>\n<p>[\/one_half_last]<\/p>\n<p><a name=\"Info\"><\/a><\/p>\n<h2 style=\"text-align: center;\">[box style=&#8221;1&#8243;]YHTEYSTIEDOT[\/box]<\/h2>\n<p>[gap height=&#8221;30&#8243;]<\/p>\n<p style=\"text-align: center;\">[one_half]<\/p>\n<h3 style=\"text-align: center;\">HiusStudio Sonja<\/h3>\n<p style=\"text-align: center;\">[icon icon=&#8221;map-marker&#8221;] Lauttasaarentie 27<br \/>\n00200 Helsinki<br \/>\n[icon icon=&#8221;phone&#8221;] 09 3489680<\/p>\n<p style=\"text-align: center;\">\n<p style=\"text-align: center;\">Parturi-kampaamo sijaitsee Lauttasaaren kauppakeskus Lauttista vastap\u00e4\u00e4t\u00e4. Paikalle p\u00e4\u00e4see\u00a0k\u00e4tev\u00e4sti metrolla sek\u00e4 Lauttasaarentiet\u00e4 kulkevilla busseilla. Liikkeen edess\u00e4 kadulla on muutamia autopaikkoja.<\/p>\n<p>[\/one_half]<br \/>\n[one_half_last]<br \/>\n[map style=&#8221;full&#8221; z=&#8221;16&#8243; marker=&#8221;yes&#8221; infowindow=&#8221;HiusStudio Sonja &#8211; Lauttasaarentie 27&#8243; infowindowdefault=&#8221;yes&#8221; maptype=&#8221;TERRAIN&#8221; hidecontrols=&#8221;false&#8221; address=&#8221;Lauttasaarentie 27 00200 Helsinki&#8221;]<\/p>\n<p>[\/one_half_last]<\/p>\n<p><a name=\"Ajanvaraus\"><\/a><\/p>\n<h2 style=\"text-align: center;\">[box style=&#8221;1&#8243;]AJANVARAUS[\/box]<\/h2>\n<p>[gap height=&#8221;30&#8243;]<\/p>\n<p style=\"text-align: center;\">[one_half]<\/p>\n<p><iframe loading=\"lazy\" width=\"100%\" height=\"1200\" frameborder=\"0\" src=\"https:\/\/timma.fi\/reservation\/hiusstudiosonja\"><\/iframe><\/p>\n<p>[gap height=&#8221;30&#8243;]<\/p>\n","protected":false},"excerpt":{"rendered":"<p>[one_fourth] HIUSSTUDIO SONJA[\/one_fourth] [one_fourth] YHTEYSTIEDOT[\/one_fourth] [one_fourth] HINNASTO [\/one_fourth] [one_fourth_last] AJANVARAUS [\/one_fourth_last] [box style=&#8221;1&#8243;]HIUSSTUDIO SONJA[\/box] [gap height=&#8221;30&#8243;] [one_half] [\/one_half] [one_half_last] HiusStudio Sonja, parturi-kampaamo Lauttasaaressa. Uudistunut valoisa ja viihtyis\u00e4 liiketilani sijaitsee uutta Lauttis-kauppakeskusta vastap\u00e4\u00e4t\u00e4 osoitteessa Lauttasaarentie 27. Toimin aiemmin useita vuosia\u00a0my\u00f6s Lauttasaarentiell\u00e4, nimell\u00e4 Parturi-kampaamo Kauneustiimi. Toteutan yksil\u00f6lliset toiveesi ammattitaidolla ja\u00a0kampaamohetki on omistettu\u00a0vain sinulle. Tervetuloa viihtym\u00e4\u00e4n! T: Sonja &hellip;<\/p>\n<p class=\"read-more\"> <a class=\"\" href=\"http:\/\/c5p2sb3m.c5.suncomet.fi\/?page_id=2\"> <span class=\"screen-reader-text\">HiusStudio Sonja<\/span> Read More &raquo;<\/a><\/p>\n","protected":false},"author":1,"featured_media":0,"parent":0,"menu_order":1,"comment_status":"closed","ping_status":"closed","template":"page-fullwidth.php","meta":[],"yoast_head":"<!-- This site is optimized with the Yoast SEO plugin v17.1 - https:\/\/yoast.com\/wordpress\/plugins\/seo\/ -->\n<title>Parturi-kampaamo Lauttasaari, Helsinki - HiusStudio Sonja<\/title>\n<meta name=\"description\" content=\"Toteutan yksil\u00f6lliset toiveesi ammattitaidolla ja kampaamohetki on omistettu vain sinulle. HiusStudio Sonja sijaitsee kauppakeskus Lauttista vastap\u00e4\u00e4t\u00e4.\" \/>\n<meta name=\"robots\" content=\"index, follow, max-snippet:-1, max-image-preview:large, max-video-preview:-1\" \/>\n<link rel=\"canonical\" href=\"http:\/\/c5p2sb3m.c5.suncomet.fi\/?page_id=2\" \/>\n<meta property=\"og:locale\" content=\"en_GB\" \/>\n<meta property=\"og:type\" content=\"article\" \/>\n<meta property=\"og:title\" content=\"HiusStudio Sonja - Parturi-kampaamo\" \/>\n<meta property=\"og:description\" content=\"Toteutan yksil\u00f6lliset toiveesi ammattitaidolla ja kampaamohetki on omistettu vain sinulle. HiusStudio Sonja sijaitsee kauppakeskus Lauttista vastap\u00e4\u00e4t\u00e4.\" \/>\n<meta property=\"og:url\" content=\"http:\/\/c5p2sb3m.c5.suncomet.fi\/?page_id=2\" \/>\n<meta property=\"og:site_name\" content=\"HiusStudio Sonja | Parturi-kampaamo Lauttasaaressa\" \/>\n<meta property=\"article:publisher\" content=\"https:\/\/www.facebook.com\/HiusStudioSonja\/\" \/>\n<meta property=\"article:modified_time\" content=\"2021-08-24T14:35:58+00:00\" \/>\n<meta property=\"og:image\" content=\"http:\/\/c5p2sb3m.c5.suncomet.fi\/wp-content\/uploads\/2016\/06\/pakattu_MG_7365.jpg\" \/>\n<meta name=\"twitter:card\" content=\"summary\" \/>\n<meta name=\"twitter:label1\" content=\"Estimated reading time\" \/>\n\t<meta name=\"twitter:data1\" content=\"1 minute\" \/>\n<script type=\"application\/ld+json\" class=\"yoast-schema-graph\">{\"@context\":\"https:\/\/schema.org\",\"@graph\":[{\"@type\":\"WebSite\",\"@id\":\"https:\/\/c5p2sb3m.c5.suncomet.fi\/#website\",\"url\":\"https:\/\/c5p2sb3m.c5.suncomet.fi\/\",\"name\":\"HiusStudio Sonja | Parturi-kampaamo Lauttasaaressa\",\"description\":\"\",\"potentialAction\":[{\"@type\":\"SearchAction\",\"target\":{\"@type\":\"EntryPoint\",\"urlTemplate\":\"https:\/\/c5p2sb3m.c5.suncomet.fi\/?s={search_term_string}\"},\"query-input\":\"required name=search_term_string\"}],\"inLanguage\":\"en-GB\"},{\"@type\":\"ImageObject\",\"@id\":\"http:\/\/c5p2sb3m.c5.suncomet.fi\/?page_id=2#primaryimage\",\"inLanguage\":\"en-GB\",\"url\":\"\",\"contentUrl\":\"\"},{\"@type\":\"WebPage\",\"@id\":\"http:\/\/c5p2sb3m.c5.suncomet.fi\/?page_id=2#webpage\",\"url\":\"http:\/\/c5p2sb3m.c5.suncomet.fi\/?page_id=2\",\"name\":\"Parturi-kampaamo Lauttasaari, Helsinki - HiusStudio Sonja\",\"isPartOf\":{\"@id\":\"https:\/\/c5p2sb3m.c5.suncomet.fi\/#website\"},\"primaryImageOfPage\":{\"@id\":\"http:\/\/c5p2sb3m.c5.suncomet.fi\/?page_id=2#primaryimage\"},\"datePublished\":\"2014-03-19T09:51:11+00:00\",\"dateModified\":\"2021-08-24T14:35:58+00:00\",\"description\":\"Toteutan yksil\\u00f6lliset toiveesi ammattitaidolla ja kampaamohetki on omistettu vain sinulle. HiusStudio Sonja sijaitsee kauppakeskus Lauttista vastap\\u00e4\\u00e4t\\u00e4.\",\"breadcrumb\":{\"@id\":\"http:\/\/c5p2sb3m.c5.suncomet.fi\/?page_id=2#breadcrumb\"},\"inLanguage\":\"en-GB\",\"potentialAction\":[{\"@type\":\"ReadAction\",\"target\":[\"http:\/\/c5p2sb3m.c5.suncomet.fi\/?page_id=2\"]}]},{\"@type\":\"BreadcrumbList\",\"@id\":\"http:\/\/c5p2sb3m.c5.suncomet.fi\/?page_id=2#breadcrumb\",\"itemListElement\":[{\"@type\":\"ListItem\",\"position\":1,\"name\":\"Home\",\"item\":\"https:\/\/c5p2sb3m.c5.suncomet.fi\/\"},{\"@type\":\"ListItem\",\"position\":2,\"name\":\"HiusStudio Sonja\"}]}]}<\/script>\n<!-- \/ Yoast SEO plugin. -->","yoast_head_json":{"title":"Parturi-kampaamo Lauttasaari, Helsinki - HiusStudio Sonja","description":"Toteutan yksil\u00f6lliset toiveesi ammattitaidolla ja kampaamohetki on omistettu vain sinulle. HiusStudio Sonja sijaitsee kauppakeskus Lauttista vastap\u00e4\u00e4t\u00e4.","robots":{"index":"index","follow":"follow","max-snippet":"max-snippet:-1","max-image-preview":"max-image-preview:large","max-video-preview":"max-video-preview:-1"},"canonical":"http:\/\/c5p2sb3m.c5.suncomet.fi\/?page_id=2","og_locale":"en_GB","og_type":"article","og_title":"HiusStudio Sonja - Parturi-kampaamo","og_description":"Toteutan yksil\u00f6lliset toiveesi ammattitaidolla ja kampaamohetki on omistettu vain sinulle. HiusStudio Sonja sijaitsee kauppakeskus Lauttista vastap\u00e4\u00e4t\u00e4.","og_url":"http:\/\/c5p2sb3m.c5.suncomet.fi\/?page_id=2","og_site_name":"HiusStudio Sonja | Parturi-kampaamo Lauttasaaressa","article_publisher":"https:\/\/www.facebook.com\/HiusStudioSonja\/","article_modified_time":"2021-08-24T14:35:58+00:00","og_image":[{"url":"http:\/\/c5p2sb3m.c5.suncomet.fi\/wp-content\/uploads\/2016\/06\/pakattu_MG_7365.jpg"}],"twitter_card":"summary","twitter_misc":{"Estimated reading time":"1 minute"},"schema":{"@context":"https:\/\/schema.org","@graph":[{"@type":"WebSite","@id":"https:\/\/c5p2sb3m.c5.suncomet.fi\/#website","url":"https:\/\/c5p2sb3m.c5.suncomet.fi\/","name":"HiusStudio Sonja | Parturi-kampaamo Lauttasaaressa","description":"","potentialAction":[{"@type":"SearchAction","target":{"@type":"EntryPoint","urlTemplate":"https:\/\/c5p2sb3m.c5.suncomet.fi\/?s={search_term_string}"},"query-input":"required name=search_term_string"}],"inLanguage":"en-GB"},{"@type":"ImageObject","@id":"http:\/\/c5p2sb3m.c5.suncomet.fi\/?page_id=2#primaryimage","inLanguage":"en-GB","url":"","contentUrl":""},{"@type":"WebPage","@id":"http:\/\/c5p2sb3m.c5.suncomet.fi\/?page_id=2#webpage","url":"http:\/\/c5p2sb3m.c5.suncomet.fi\/?page_id=2","name":"Parturi-kampaamo Lauttasaari, Helsinki - HiusStudio Sonja","isPartOf":{"@id":"https:\/\/c5p2sb3m.c5.suncomet.fi\/#website"},"primaryImageOfPage":{"@id":"http:\/\/c5p2sb3m.c5.suncomet.fi\/?page_id=2#primaryimage"},"datePublished":"2014-03-19T09:51:11+00:00","dateModified":"2021-08-24T14:35:58+00:00","description":"Toteutan yksil\u00f6lliset toiveesi ammattitaidolla ja kampaamohetki on omistettu vain sinulle. HiusStudio Sonja sijaitsee kauppakeskus Lauttista vastap\u00e4\u00e4t\u00e4.","breadcrumb":{"@id":"http:\/\/c5p2sb3m.c5.suncomet.fi\/?page_id=2#breadcrumb"},"inLanguage":"en-GB","potentialAction":[{"@type":"ReadAction","target":["http:\/\/c5p2sb3m.c5.suncomet.fi\/?page_id=2"]}]},{"@type":"BreadcrumbList","@id":"http:\/\/c5p2sb3m.c5.suncomet.fi\/?page_id=2#breadcrumb","itemListElement":[{"@type":"ListItem","position":1,"name":"Home","item":"https:\/\/c5p2sb3m.c5.suncomet.fi\/"},{"@type":"ListItem","position":2,"name":"HiusStudio Sonja"}]}]}},"_links":{"self":[{"href":"http:\/\/c5p2sb3m.c5.suncomet.fi\/index.php?rest_route=\/wp\/v2\/pages\/2"}],"collection":[{"href":"http:\/\/c5p2sb3m.c5.suncomet.fi\/index.php?rest_route=\/wp\/v2\/pages"}],"about":[{"href":"http:\/\/c5p2sb3m.c5.suncomet.fi\/index.php?rest_route=\/wp\/v2\/types\/page"}],"author":[{"embeddable":true,"href":"http:\/\/c5p2sb3m.c5.suncomet.fi\/index.php?rest_route=\/wp\/v2\/users\/1"}],"replies":[{"embeddable":true,"href":"http:\/\/c5p2sb3m.c5.suncomet.fi\/index.php?rest_route=%2Fwp%2Fv2%2Fcomments&post=2"}],"version-history":[{"count":81,"href":"http:\/\/c5p2sb3m.c5.suncomet.fi\/index.php?rest_route=\/wp\/v2\/pages\/2\/revisions"}],"predecessor-version":[{"id":155,"href":"http:\/\/c5p2sb3m.c5.suncomet.fi\/index.php?rest_route=\/wp\/v2\/pages\/2\/revisions\/155"}],"wp:attachment":[{"href":"http:\/\/c5p2sb3m.c5.suncomet.fi\/index.php?rest_route=%2Fwp%2Fv2%2Fmedia&parent=2"}],"curies":[{"name":"wp","href":"https:\/\/api.w.org\/{rel}","templated":true}]}}